{"id":1588,"date":"2024-04-17T13:40:44","date_gmt":"2024-04-17T11:40:44","guid":{"rendered":"https:\/\/dev.sacred-future.org\/ueber-uns\/"},"modified":"2025-10-07T09:56:07","modified_gmt":"2025-10-07T07:56:07","slug":"ueber-uns","status":"publish","type":"page","link":"https:\/\/sacred-future.org\/de\/ueber-uns\/","title":{"rendered":"\u00dcber uns"},"content":{"rendered":"","protected":false},"excerpt":{"rendered":"","protected":false},"author":1,"featured_media":0,"parent":0,"menu_order":0,"comment_status":"closed","ping_status":"closed","template":"","meta":{"_acf_changed":false,"give_campaign_id":0,"_seopress_robots_primary_cat":"","_seopress_titles_title":"Die Weisheit der Ureinwohner f\u00fcr eine ges\u00fcndere Zukunft nutzen","_seopress_titles_desc":"Mach dir die Weisheit der Eingeborenen zu eigen - f\u00fcr eine ges\u00fcndere Zukunft. Unsere gemeinn\u00fctzige Organisation f\u00f6rdert Bildung und Entwicklung durch altes Wissen. Hilf uns, Kulturen zu bewahren.  ","_seopress_robots_index":"","footnotes":""},"class_list":["post-1588","page","type-page","status-publish","hentry"],"acf":[],"campaignId":"","_links":{"self":[{"href":"https:\/\/sacred-future.org\/de\/wp-json\/wp\/v2\/pages\/1588","targetHints":{"allow":["GET"]}}],"collection":[{"href":"https:\/\/sacred-future.org\/de\/wp-json\/wp\/v2\/pages"}],"about":[{"href":"https:\/\/sacred-future.org\/de\/wp-json\/wp\/v2\/types\/page"}],"author":[{"embeddable":true,"href":"https:\/\/sacred-future.org\/de\/wp-json\/wp\/v2\/users\/1"}],"replies":[{"embeddable":true,"href":"https:\/\/sacred-future.org\/de\/wp-json\/wp\/v2\/comments?post=1588"}],"version-history":[{"count":7,"href":"https:\/\/sacred-future.org\/de\/wp-json\/wp\/v2\/pages\/1588\/revisions"}],"predecessor-version":[{"id":3874,"href":"https:\/\/sacred-future.org\/de\/wp-json\/wp\/v2\/pages\/1588\/revisions\/3874"}],"wp:attachment":[{"href":"https:\/\/sacred-future.org\/de\/wp-json\/wp\/v2\/media?parent=1588"}],"curies":[{"name":"wp","href":"https:\/\/api.w.org\/{rel}","templated":true}]}}